{"id":22,"date":"2026-03-05T05:04:10","date_gmt":"2026-03-05T04:04:10","guid":{"rendered":"https:\/\/pebxpert.be\/?page_id=22"},"modified":"2026-03-05T05:04:10","modified_gmt":"2026-03-05T04:04:10","slug":"prix-certificat-peb-en-wallonie","status":"publish","type":"page","link":"https:\/\/pebxpert.be\/index.php\/prix-certificat-peb-en-wallonie\/","title":{"rendered":"Prix certificat PEB en Wallonie"},"content":{"rendered":"\n<p>Le prix d\u2019un certificat PEB d\u00e9pend de plusieurs facteurs :<\/p>\n\n\n\n<p>\u2022 type de bien (maison ou appartement)<br>\u2022 superficie du logement<br>\u2022 complexit\u00e9 du b\u00e2timent<br>\u2022 disponibilit\u00e9 des plans et documents techniques<\/p>\n\n\n\n<p>En moyenne, le prix d\u2019un certificat PEB se situe entre 150 \u20ac et 295 \u20ac selon le type de logement.<\/p>\n\n\n\n<p>Pour une maison unifamiliale, le prix d\u00e9pend principalement de la surface et de la complexit\u00e9 du b\u00e2timent.<\/p>\n\n\n\n<p>Pour un appartement, le certificat PEB est g\u00e9n\u00e9ralement moins co\u00fbteux car la surface est plus petite et l\u2019analyse du b\u00e2timent est plus simple.<\/p>\n","protected":false},"excerpt":{"rendered":"<p>Le prix d\u2019un certificat PEB d\u00e9pend de plusieurs facteurs : \u2022 type de bien (maison ou appartement)\u2022 superficie du logement\u2022 complexit\u00e9 du b\u00e2timent\u2022 disponibilit\u00e9 des plans et documents techniques En moyenne, le prix d\u2019un certificat PEB se situe entre 150 \u20ac et 295 \u20ac selon le type de logement. Pour une maison unifamiliale, le prix [&hellip;]<\/p>\n","protected":false},"author":1,"featured_media":0,"parent":0,"menu_order":0,"comment_status":"closed","ping_status":"closed","template":"","meta":{"footnotes":""},"class_list":["post-22","page","type-page","status-publish","hentry"],"_links":{"self":[{"href":"https:\/\/pebxpert.be\/index.php\/wp-json\/wp\/v2\/pages\/22","targetHints":{"allow":["GET"]}}],"collection":[{"href":"https:\/\/pebxpert.be\/index.php\/wp-json\/wp\/v2\/pages"}],"about":[{"href":"https:\/\/pebxpert.be\/index.php\/wp-json\/wp\/v2\/types\/page"}],"author":[{"embeddable":true,"href":"https:\/\/pebxpert.be\/index.php\/wp-json\/wp\/v2\/users\/1"}],"replies":[{"embeddable":true,"href":"https:\/\/pebxpert.be\/index.php\/wp-json\/wp\/v2\/comments?post=22"}],"version-history":[{"count":2,"href":"https:\/\/pebxpert.be\/index.php\/wp-json\/wp\/v2\/pages\/22\/revisions"}],"predecessor-version":[{"id":24,"href":"https:\/\/pebxpert.be\/index.php\/wp-json\/wp\/v2\/pages\/22\/revisions\/24"}],"wp:attachment":[{"href":"https:\/\/pebxpert.be\/index.php\/wp-json\/wp\/v2\/media?parent=22"}],"curies":[{"name":"wp","href":"https:\/\/api.w.org\/{rel}","templated":true}]}}