{"id":13,"date":"2026-03-05T05:06:18","date_gmt":"2026-03-05T04:06:18","guid":{"rendered":"https:\/\/pebxpert.be\/?page_id=13"},"modified":"2026-03-05T05:06:18","modified_gmt":"2026-03-05T04:06:18","slug":"certificat-peb-en-wallonie-expert-energie","status":"publish","type":"page","link":"https:\/\/pebxpert.be\/index.php\/certificat-peb-en-wallonie-expert-energie\/","title":{"rendered":"Certificat PEB en Wallonie \u2013 Expert \u00e9nergie"},"content":{"rendered":"\n<p>Olivier Hanneuse \u2013 Expert en \u00e9nergie<\/p>\n\n\n\n<p>Je r\u00e9alise les certificats PEB, audits \u00e9nerg\u00e9tiques et diagnostics amiante en Wallonie pour la vente, la location et la r\u00e9novation de logements.<\/p>\n\n\n\n<p>\u2714 Certificat PEB maison<br>\u2714 Certificat PEB appartement<br>\u2714 Audit \u00e9nerg\u00e9tique logement<br>\u2714 Diagnostic amiante<\/p>\n\n\n\n<p>Intervention rapide \u2013 Devis gratuit.<\/p>\n\n\n\n<div class=\"wp-block-buttons is-layout-flex wp-block-buttons-is-layout-flex\">\n<div class=\"wp-block-button\"><a class=\"wp-block-button__link wp-element-button\" href=\"info@pebxpert.be\">Demander un devis gratuit<\/a><\/div>\n<\/div>\n\n\n\n<div class=\"wp-block-buttons is-layout-flex wp-block-buttons-is-layout-flex\">\n<div class=\"wp-block-button\"><a class=\"wp-block-button__link wp-element-button\" href=\"info@pebxpert.be\">Prendre un rendez-vous<\/a><\/div>\n<\/div>\n\n\n\n<p><\/p>\n\n\n\n<p>Besoin d\u2019un certificat PEB rapidement ?<br>Contactez-moi pour un devis gratuit et une intervention rapide.<\/p>\n\n\n\n<div class=\"wp-block-buttons is-layout-flex wp-block-buttons-is-layout-flex\">\n<div class=\"wp-block-button\"><a class=\"wp-block-button__link wp-element-button\" href=\"tel:+32495529336\">Contacter l&rsquo;expert<\/a><\/div>\n<\/div>\n\n\n\n<p>\ud83d\udcde 0495 52 93 36<br>\u2709 info@pebxpert.be<\/p>\n\n\n\n<p><\/p>\n\n\n\n<p>Bas\u00e9 \u00e0 Mons &#8211; Intervention dans toute la Wallonie<\/p>\n\n\n\n<p><\/p>\n\n\n\n<p><\/p>\n\n\n\n<p>Intervention pour certificats PEB et audits \u00e9nerg\u00e9tiques \u00e0 Mons, Soignies, La Louvi\u00e8re, Charleroi, Namur, Tournai et dans toute la Wallonie.<\/p>\n","protected":false},"excerpt":{"rendered":"<p>Olivier Hanneuse \u2013 Expert en \u00e9nergie Je r\u00e9alise les certificats PEB, audits \u00e9nerg\u00e9tiques et diagnostics amiante en Wallonie pour la vente, la location et la r\u00e9novation de logements. \u2714 Certificat PEB maison\u2714 Certificat PEB appartement\u2714 Audit \u00e9nerg\u00e9tique logement\u2714 Diagnostic amiante Intervention rapide \u2013 Devis gratuit. Besoin d\u2019un certificat PEB rapidement ?Contactez-moi pour un devis gratuit [&hellip;]<\/p>\n","protected":false},"author":1,"featured_media":7,"parent":0,"menu_order":0,"comment_status":"closed","ping_status":"closed","template":"","meta":{"footnotes":""},"class_list":["post-13","page","type-page","status-publish","has-post-thumbnail","hentry"],"_links":{"self":[{"href":"https:\/\/pebxpert.be\/index.php\/wp-json\/wp\/v2\/pages\/13","targetHints":{"allow":["GET"]}}],"collection":[{"href":"https:\/\/pebxpert.be\/index.php\/wp-json\/wp\/v2\/pages"}],"about":[{"href":"https:\/\/pebxpert.be\/index.php\/wp-json\/wp\/v2\/types\/page"}],"author":[{"embeddable":true,"href":"https:\/\/pebxpert.be\/index.php\/wp-json\/wp\/v2\/users\/1"}],"replies":[{"embeddable":true,"href":"https:\/\/pebxpert.be\/index.php\/wp-json\/wp\/v2\/comments?post=13"}],"version-history":[{"count":8,"href":"https:\/\/pebxpert.be\/index.php\/wp-json\/wp\/v2\/pages\/13\/revisions"}],"predecessor-version":[{"id":25,"href":"https:\/\/pebxpert.be\/index.php\/wp-json\/wp\/v2\/pages\/13\/revisions\/25"}],"wp:featuredmedia":[{"embeddable":true,"href":"https:\/\/pebxpert.be\/index.php\/wp-json\/wp\/v2\/media\/7"}],"wp:attachment":[{"href":"https:\/\/pebxpert.be\/index.php\/wp-json\/wp\/v2\/media?parent=13"}],"curies":[{"name":"wp","href":"https:\/\/api.w.org\/{rel}","templated":true}]}}